{"id":564,"date":"2020-06-15T11:57:19","date_gmt":"2020-06-15T11:57:19","guid":{"rendered":"https:\/\/musicaeconoscenza.it\/newp\/?page_id=564"},"modified":"2020-06-15T12:28:04","modified_gmt":"2020-06-15T12:28:04","slug":"appendici","status":"publish","type":"page","link":"https:\/\/musicaeconoscenza.it\/newp\/index.php\/la-musica-allorigine-della-conoscenza-umana\/appendici\/","title":{"rendered":"Appendici"},"content":{"rendered":"<div id=\"pl-gb564-69dee23ec08f7\"  class=\"panel-layout\" ><div id=\"pg-gb564-69dee23ec08f7-0\"  class=\"panel-grid panel-no-style\" ><div id=\"pgc-gb564-69dee23ec08f7-0-0\"  class=\"panel-grid-cell\" ><div id=\"panel-gb564-69dee23ec08f7-0-0-0\" class=\"so-panel widget widget_text panel-first-child\" data-index=\"0\" ><h3 class=\"widget-title\">Appendice 3: Esempio di analisi archetipico-psicologica di una composizione sinfonica (il primo tempo del Concerto per Violoncello e Orchestra di Anton DVORAK)<\/h3>\t\t\t<div class=\"textwidget\"><p>Abbiamo deliberatamente scelto questa composizione a causa della trasparenza psicologica che presenta, sia dal punto di vista storico (perch\u00e8 composto in un momento particolare della vita del compositore) che dal punto di vista emotivo-personale (per essere stato realizzato dietro pulsioni particolari). Probabilmente, Dvor\u00e0k deve la sua trasparenza al fatto<\/p>\n<p>di riemettere quasi intatte le componenti archetipiche, ben separate da quelle rielaborative. Vediamone il dettaglio.<\/p>\n<p>Il Concerto per Violoncello e Orchestra Op.104 in Si minore \u00e8 l&#8217;ultima grande opera sinfonica (forse, il capolavoro) di Anton Dvor\u00e0k. Completato nella prima stesura a fine Febbraio 1895 durante gli ultimi mesi del soggiorno americano, ma rielaborato (specialmente nel terzo tempo) dopo il rientro in Patria e terminato nell&#8217;Aprile 1895, pu\u00f2 essere considerato il suo testamento spirituale: una rievocazione dei momenti pi\u00f9 significativi della vita, una affermazione ed espressione delle sue idee e sentimenti pi\u00f9 profondi, e, in ultimo, la prefigurazione di un sofferto e drammatico commiato.<\/p>\n<\/div>\n\t\t<\/div><div id=\"panel-gb564-69dee23ec08f7-0-0-1\" class=\"so-panel widget widget_text\" data-index=\"1\" ><h3 class=\"widget-title\">Lineamenti Generali<\/h3>\t\t\t<div class=\"textwidget\"><p>L&#8217;avventura americana, uno dei momenti pi\u00f9 importanti della vita di Dvor\u00e0k, sta terminando: la sua vita artistica \u00e8 ormai quasi compiuta, coronata dall&#8217;aver contribuito in maniera decisiva alla nascita della Scuola Musicale Americana; in questo scenario, \u00e8 concepito il Concerto per Violoncello e Orchestra in Si minore (8.4 &#8211; 1).<\/p>\n<p>Ma non \u00e8 possibile affrontare l&#8217;esame dei significati di quest&#8217;opera, senza ricordare un episodio determinante della vita di Anton Dvor\u00e0k: l&#8217;amore segreto (destinato a diventare per tutta la vita fonte di ispirazione) per la futura cognata Josefina Cerm\u00e0k, cui trent&#8217;anni prima aveva dato lezioni di piano, e della quale in seguito aveva sposato la sorella minore; Dvor\u00e0k dedic\u00f2 a lei una Canzone (Op.82\/1) e, sempre per lei, scrisse in giovent\u00f9 la bozza di un Concerto per Violoncello in La maggiore (1865) mai in seguito orchestrato n\u00e8 eseguito in pubblico. Ebbene, Josefina cadde gravemente malata proprio nel periodo in cui a New York il compositore decise di scrivere il Concerto, ma solc\u00f2 per sempre questa opera: il secondo tema del primo tempo canta senza dubbio l&#8217;apparire dell&#8217;amore (e quindi di lei) nella vita del musicista; il secondo tempo riprende interamente (trasfigurandola in tre quarti) la Canzone Op.82 scritta per lei; non solo, Dvor\u00e0k probabilmente anticipa il ritorno in patria per rivederla viva, e un mese dopo, alla sua morte, decide di rielaborare parzialmente il Concerto aggiungendo, nel terzo tempo, alcune citazioni della Canzone, e sopratutto, verso la fine, sessanta nuove battute (le pi\u00f9 drammatiche, prefiguranti il commiato).<\/p>\n<p>Certamente, quando un Artista si comporta cos\u00ec, non ha bisogno di aggiungere altro: il Concerto \u00e8 come un colloquio intimo con lei, l&#8217;ultimo; in esso il compositore le consacra idealmente l&#8217;intera sua vita, una vita in cui la centralit\u00e0 e l&#8217;importanza di questo amore \u00e8 riaffermata dalla sua musica in maniera determinante. Non a caso,in giovent\u00f9, fu scelto il violoncello per elevare il primo canto d&#8217;amore incompiuto, non a caso oggi il violoncello sanziona in una rievocazione definitiva il canto di morte, il commiato.<\/p>\n<\/div>\n\t\t<\/div><div id=\"panel-gb564-69dee23ec08f7-0-0-2\" class=\"so-panel widget widget_text\" data-index=\"2\" ><h3 class=\"widget-title\">Analisi Archetipico-Musicologica<\/h3>\t\t\t<div class=\"textwidget\"><p>Cercheremo di svolgere una compiuta analisi del primo tempo del Concerto, alla luce degli archetipi e delle rielaborazioni che sar\u00e0 possibile individuarvi; l&#8217;analisi puntuale dei vari passi, necessaria per una comprensione completa dell&#8217;opera, sar\u00e0 integrata da nozioni storico-psicologiche e da elementi interpretativi degli stati d&#8217;animo espressi nelle varie parti del Concerto, di cui con certezza possiamo avere qualche cognizione.<\/p>\n<p>Il primo tempo del Concerto ripercorre la vita del Compositore nei momenti pi\u00f9 importanti; tramite il canto del Violoncello solista viene compiuto un vero e proprio esame di coscienza durante il quale l&#8217;Autore si interroga e cerca di rispondere, secondo le Sue convinzioni, alle domande fondamentali dell&#8217;esistenza, alternando momenti di commossa rievocazione.<\/p>\n<p>Udremo il Solista, a volta in accordo, a volte in contrasto con l&#8217;Orchestra: cos\u00ec il dialogo, ora sereno, ora drammatico, dell&#8217;autore con la propria coscienza(*).<\/p>\n<p>Per seguire lo svolgersi del discorso musicale attraverso il susseguirsi degli stilemi archetipici \u00e8 necessaria una partitura orchestrale(**).<\/p>\n<\/div>\n\t\t<\/div><div id=\"panel-gb564-69dee23ec08f7-0-0-3\" class=\"so-panel widget widget_text\" data-index=\"3\" ><h3 class=\"widget-title\">Il Primo Tempo<\/h3>\t\t\t<div class=\"textwidget\"><p>Inizia l&#8217;Orchestra anticipando (battute 1-86) i due temi fondamentali del primo tempo (della Vita e dell&#8217;Amore) e preparando lo scenario generale per l&#8217;ascoltatore. Nel primo tema viene esposto, inizialmente in maniera sommessa, l&#8217;archetipo domanda-risposta probabilmente esprimente nelle prime quattro note (batt.1-2) il quesito fondamentale, che ogni uomo nei momenti di maggior introspezione si pone, sulla validit\u00e0 della propria vita e delle proprie azioni: &#8220;ho io detto qualcosa, ho io donato qualcosa&#8221; ? La risposta delle successive quattro note \u00e8 assolutamente affermativa, ed esprime fierezza di s\u00e8. Data l&#8217;importanza di tale archetipo, abbiamo ritenuto di aggiungere in calce una nota contenente una analisi pi\u00f9 approfondita del medesimo. Lo stesso archetipo viene riespresso(batt.9-10) ripreso in forma gridata(batt.17-18) ma pi\u00f9 dubitativa (come se fosse stato inutile vivere e affermarsi) e quasi disperata, come esprime indubitabilmente la frase musicale passata temporaneamente dal Si minore alla sua dominante(Fa Diesis maggiore); e, dopo quattro battute di rielaborazione e preparazione, di nuovo lo stesso archetipo espresso in modo grandioso e senza incertezze(batt.23-24), mentre subito dopo si sviluppa un pensiero musicale ritmato (quasi una esposizione di vicende vissute) che conduce infine alla ripetizione, stavolta duplice, dello stesso tema archetipico (batt.45-46, e 47-48) e alla sua successiva &#8220;espansione&#8221; (batt.49-56), come a prefigurare un momento di raccoglimento, prima dell&#8217;inizio del secondo tema, che \u00e8 diviso in due parti: la prima, da batt.57 a batt.64; la seconda, da batt.64 a batt.74. E qui occorre ricordare che Dvor\u00e0k stesso disse di non poter pi\u00f9 riascoltare questo tema senza provare una intensa commozione: in effetti, la sua solarit\u00e0, tenerezza, purezza dimostrano senza dubbio la volont\u00e0 di esprimere (prima parte) la comparsa dell&#8217;Amore nella vita del Compositore, mista, stavolta s\u00ec, ad un senso di nostalgia e di dolore per ci\u00f2 che poteva essere, ma non \u00e8 mai stato e non sar\u00e0 mai pi\u00f9; poi, sopratutto (seconda parte) il dover amaramente reagire, perch\u00e8 la vita continua, anche se il destino ha riserbato per Lui l&#8217;intenso e terribile fardello dell&#8217;amore non corrisposto. Difatto, le ultime due battute della seconda parte preparano la enunciazione dell&#8217;archetipo di ineluttabilit\u00e0 leggermente rielaborato (batt.75-86) e sfumato nel finale.<\/p>\n<p>Ed ecco, &#8220;quasi improvvisando&#8221; (come dice la notazione sul rigo musicale), il Violoncello (batt.87),che riespone vigorosamente il primo tema (archetipo domanda-risposta), stavolta con forte carattere propositivo. Il discorso si snoda con intimit\u00e0 e &#8220;suspence&#8221; fino alla doppia analisi rielaborata del solo archetipo domanda (batt.110-111 e 112-113) cui seguono due accorati momenti di giustificazione interiore (batt.114-115 e 116-117) che attraverso il loro acquietarsi (batt.118-119) sfociano in quattro archetipi di dolcezza triste ripetuti due volte(batt.120-121) e rielaborati con drammatico vigore(batt.122-127). Essi precedono il ritorno ancora duplice dell&#8217;archetipo domanda-risposta(batt.128-129 e 130-131), ove per\u00f2 la risposta \u00e8 dubbia e sfiduciata(espressa in Sol minore con successiva risoluzione in Mi minore), anche se precede e introduce il secondo tema, purissimo canto d&#8217;Amore; questo canto, pur essendo espresso in Re maggiore(tonalit\u00e0 estremamente positiva), considerando per\u00f2 come lo aveva preannunciato l&#8217;Orchestra nelle battute 57-74, e come essa ora accompagna e commenta (con soli archi) il Violoncello solista, appare qui, specie nella seconda parte, particolarmente accorato e consapevolmente senza speranza. In effetti, dopo la prima esposizione (batt.140 e segg.),la seconda parte (batt.147-156) \u00e8 densa di rimpianto e tristezza, e le successive &#8220;variazioni&#8221; (batt.158-165) appaiono come un tentativo di spiegarsi e razionalizzare il torto affettivo sub\u00ecto e logicamente riconducono (batt.166-169) ad una rielaborazione dubitativa dell&#8217;archetipo domandaquasi esprimente una volont\u00e0 di reazione (batt.170-171), cui seguono (batt.172-176) due archetipi espansi di ineluttabilit\u00e0 crescente e infine, la riaffermazione della libert\u00e0 individuale di vivere con dignit\u00e0 la propria vita (batt.177-179), anche se la ricerca di qualche momento di serenit\u00e0 e tenerezza (batt.180-181:archetipi espansi di dolcezza) viene frustrata dal ricomparire dell&#8217;ineluttabilit\u00e0 (batt.182-183) cui seguono momenti di dolorosa introspezione (batt.186-192). Ma l&#8217;Orchestra ci riconduce nuovamente (batt.192-222) alle primitive domande, mentre la rielaborazione della seconda risposta (batt.195 e 199) significa insicurezza, e si trascina fino al riaffacciarsi del Violoncello solo (batt.223), che ripropone, spropositatamente dilatato, l&#8217;archetipo domanda-risposta ,a significare il trasformarsi del dubbio in un lungo e doloroso lamento esistenziale estenuato sino alla battuta 238, dato che dopo (batt.240 e segg.) si affaccia nel tema orchestrale l&#8217;angoscia, resa pi\u00f9 intensa e drammatica dalla minuta autocritica compiuta dal Violoncello che sommessamente si sovrappone; e anche se lo scenario sembra ricomporsi e appagarsi (batt.243-245), successivamente, in un crescendo ancor pi\u00f9 angoscioso e drammatico, vengono riformulate (batt.252 e 254) le domande di sempre; ma stavolta, la mancanza assoluta di risposta determina (batt.256-260) una violenta reazione in cui il Violoncello, posta a tacere l&#8217;Orchestra, si staglia prepotentemente,quasi per riaffermare il diritto ad una vita indipendente e creativa anche se vissuta nella solitudine dei sentimenti;ma poi la reazione si stempera e si concreta nella riaffermazione solenne dell&#8217;Amore che rester\u00e0 in eterno, enunciata fortissimo dall&#8217;Orchestra(prima parte del secondo tema-batt.265 e segg.); ad essa fa seguito una seconda parte enunciata dal Violoncello in maniera pi\u00f9 positiva che alle battute 61-64, con una intensit\u00e0 che raggiunge l&#8217;acme in battuta 281(primo movimento) per poi assumere una pacatezza nuova che introduce le variazioni introspettive (batt.285-292) analoghe alle precedenti (di batt.158-165), cui seguono (batt.297 e segg.) gli stessi moti di reazione psicologica, ineluttabilit\u00e0, tenerezza etc con un accenno di accettazione evidenziato dalla tonalit\u00e0 diversa usata (Si maggiore-tonalit\u00e0 finale del tempo-mentre prima era in Re maggiore, relativa del Si minore iniziale);e subito dopo(batt.319-320) l&#8217;Orchestra ripropone ancora una volta la domanda-risposta, ma stavolta in maniera grandiosa e positiva (tonalit\u00e0 di Si maggiore) trascinando lo stesso Violoncello(batt.322-324) a rispondere nello stesso modo, quasi a voler significare il superamento di ogni dubbio, l&#8217;accettazione senza riserve della sofferenza, la riconquista di una indipendenza intellettuale : anche le successive battute (325-342) esprimono in modo quasi gioioso e ben determinato gli stessi concetti, mentre, al tacer del Violoncello, l&#8217;Orchestra per l&#8217;ultima volta e solennemente ribadisce la validit\u00e0 della vita vissuta e delle scelte fatte.<\/p>\n<p>La traccia qu\u00ec delineata esprime i sentimenti di fondo che l&#8217;autore ha voluto porre alla base della esposizione e dell&#8217;analisi della sua vita; occorre tener presente, per una corretta e completa comprensione del messaggio, che le forme archetipiche ricorrenti sono in continuo dialogo con le rielaborazioni mentali che appaiono sia nel tessuto orchestrale che nel canto del Violoncello, quasi a voler completare con ogni possibile sfumatura concettuale l&#8217;elencazione emozionale delle vicende principali della vita del compositore.<\/p>\n<p>L&#8217;analisi del secondo e terzo tempo \u00e8 contenuta nel libro di F. Uccelli &#8220;Il commiato di Anton Dvor\u00e0k&#8221;, Edz. Ceccherini, Firenze 1997.<\/p>\n<p>(*) &#8211; Per chi desideri un ascolto aderente alle intenzioni del compositore, consigliamo la interpretazione di Christine Walewska assieme alla London Philharmonic Orchestra (Direttore: Alexander Gibson, 1972) &#8211; Philips Classic 450 113-2, 10 &#8211; CD Belart, 1993 Karussell UK Ltd.<br \/>\n(**) &#8211; Si consiglia la partitura edita dalla Ernst Eulemburg, Ltd, London 1976.<\/p>\n<\/div>\n\t\t<\/div><div id=\"panel-gb564-69dee23ec08f7-0-0-4\" class=\"so-panel widget widget_text panel-last-child\" data-index=\"4\" ><h3 class=\"widget-title\">Note: Analisi dello stilema archetipico &#8220;domanda-risposta&#8221; iniziale.<\/h3>\t\t\t<div class=\"textwidget\"><p>Essendo lo stilema iniziale un archetipo logico, del tipo domanda-risposta, il suo significato si pu\u00f2 trarre solo dal contesto in cui \u00e8 posto e dalle motivazioni generali dell&#8217;opera cui appartiene. Abbiamo detto che il Concerto \u00e8 come un testamento spirituale, una confessione, un colloquio tra l&#8217;autore e la morente Josefina; il primo tempo \u00e8 accentrato sulla sua vita e sull&#8217;amore, sulla sofferenza profonda per non essere stato corrisposto, sulla accettazione di tale condizione; le rielaborazioni dei vari archetipi esprimono una articolata analisi razionale-emozionale dei quesiti che l&#8217;autore si pone. In particolar modo, abbiamo ritenuto che lo stilema iniziale, che viene ripreso in varie forme per sottolinearne, come vedremo, diverse sfumature, sia centrato sulle domande fondamentali che un uomo pone a se stesso nel momento del definitivo ripensamento su ci\u00f2 che ha fatto della sua vita: &#8220;ho io detto qualcosa, ho io donato qualcosa?&#8221;<\/p>\n<p>L&#8217;archetipo domanda-risposta \u00e8 cos\u00ec strutturato: la domanda \u00e8 contenuta nella prima battuta, la risposta nella seconda; all&#8217;interno della prima e della seconda battuta \u00e8 contenuto l&#8217;archetipo di respiro (primo e secondo movimento: inspirazione; secondo e terzo movimento: espirazione).<\/p>\n<p>La domanda contiene chiaramente il carattere di &#8220;dubbio&#8221; (archetipo composto?) espresso dalla distanza della seconda e terza nota (un solo semitono), mentre la risposta esprime sicurezza (seconda e terza nota della seconda battuta distanti ben tre semitoni) mediante un archetipo di dolcezza di terzo grado, spesso usato nelle musiche slavo-boeme. Un archetipo (sovrapposto) di forza compare nel primo e terzo movimento di ambedue le battute, a indicare (fin dalla prima battuta) l&#8217;intima e positiva certezza della risposta alla domanda fondamentale. L&#8217;archetipo domanda-risposta viene ripetuto, anche variato, pi\u00f9 volte. Ad esempio, quando viene enunciato dal violoncello in batt.87, la domanda non \u00e8 dubbiosa (distanza tra seconda e terza nota: due semitoni), e cos\u00ec pure in batt.91; mentre torna un sottile dubbio nella ripetizione orchestrale di batt. 103 e 105 e in quelle del solo violoncello (batt. 128 e 130), cui addirittura seguono risposte sfiduciate e senza speranza (batt. 129 e 131) : introducono infatti il successivo tema dell&#8217;amore non corrisposto. Lo stesso archetipo torna positivo in orchestra in batt. 192, 193, 194, 195, e nelle successive quattro battute, mentre nelle batt. da 204 a 207 le risposte sono vaghe e interlocutorie; viene poi ripetuto in maniera dilatata e drammatica dal violoncello nelle batt. da 224 a 227, e poi, avviandosi il tempo verso la sua fine, in maniera positiva dall&#8217;orchestra in batt. 319-320; ancora positivamente dal violoncello in batt. 323-324, e infine, in maniera positiva e grandiosa da tutta l&#8217;orchestra in batt. 342-345 e seguenti, fino in fondo.<\/p>\n<\/div>\n\t\t<\/div><\/div><\/div><div id=\"pg-gb564-69dee23ec08f7-1\"  class=\"panel-grid panel-no-style\" ><div id=\"pgc-gb564-69dee23ec08f7-1-0\"  class=\"panel-grid-cell\" ><div id=\"panel-gb564-69dee23ec08f7-1-0-0\" class=\"so-panel widget widget_sow-button panel-first-child panel-last-child\" data-index=\"5\" ><div\n\t\t\t\n\t\t\tclass=\"so-widget-sow-button so-widget-sow-button-atom-f54c0409268f-564\"\n\t\t\t\n\t\t><div class=\"ow-button-base ow-button-align-center\"\n>\n\t\t\t<a\n\t\t\t\t\thref=\"https:\/\/musicaeconoscenza.it\/newp\/index.php\/la-musica-allorigine-della-conoscenza-umana\/parte-3-larte-la-musica-lesistente\/\"\n\t\t\t\t\tclass=\"sowb-button ow-icon-placement-left ow-button-hover\" \t>\n\t\t<span>\n\t\t\t\n\t\t\tParte 3\u00b0: L\u2019Arte, La Musica, L\u2019Esistente\t\t<\/span>\n\t\t\t<\/a>\n\t<\/div>\n<\/div><\/div><\/div><\/div><\/div>\n\n\n<div class=\"wp-block-group is-layout-flow wp-block-group-is-layout-flow\"><div class=\"wp-block-group__inner-container\"><\/div><\/div>\n\n\n\n<p><\/p>\n","protected":false},"excerpt":{"rendered":"<p>Abbiamo deliberatamente scelto questa composizione a causa della trasparenza psicologica che presenta, sia dal punto di vista storico (perch\u00e8 composto in un momento particolare della vita del compositore) che dal punto di vista emotivo-personale (per essere stato realizzato dietro pulsioni&hellip;<\/p>\n<div class=\"link-more\"><a href=\"https:\/\/musicaeconoscenza.it\/newp\/index.php\/la-musica-allorigine-della-conoscenza-umana\/appendici\/#more-564\" class=\"more-link\">Continue reading &#10142; <span class=\"screen-reader-text\">Appendici<\/span><\/a><\/div>","protected":false},"author":1,"featured_media":0,"parent":454,"menu_order":4,"comment_status":"closed","ping_status":"closed","template":"","meta":{"footnotes":""},"class_list":["post-564","page","type-page","status-publish","hentry"],"_links":{"self":[{"href":"https:\/\/musicaeconoscenza.it\/newp\/index.php\/wp-json\/wp\/v2\/pages\/564","targetHints":{"allow":["GET"]}}],"collection":[{"href":"https:\/\/musicaeconoscenza.it\/newp\/index.php\/wp-json\/wp\/v2\/pages"}],"about":[{"href":"https:\/\/musicaeconoscenza.it\/newp\/index.php\/wp-json\/wp\/v2\/types\/page"}],"author":[{"embeddable":true,"href":"https:\/\/musicaeconoscenza.it\/newp\/index.php\/wp-json\/wp\/v2\/users\/1"}],"replies":[{"embeddable":true,"href":"https:\/\/musicaeconoscenza.it\/newp\/index.php\/wp-json\/wp\/v2\/comments?post=564"}],"version-history":[{"count":6,"href":"https:\/\/musicaeconoscenza.it\/newp\/index.php\/wp-json\/wp\/v2\/pages\/564\/revisions"}],"predecessor-version":[{"id":573,"href":"https:\/\/musicaeconoscenza.it\/newp\/index.php\/wp-json\/wp\/v2\/pages\/564\/revisions\/573"}],"up":[{"embeddable":true,"href":"https:\/\/musicaeconoscenza.it\/newp\/index.php\/wp-json\/wp\/v2\/pages\/454"}],"wp:attachment":[{"href":"https:\/\/musicaeconoscenza.it\/newp\/index.php\/wp-json\/wp\/v2\/media?parent=564"}],"curies":[{"name":"wp","href":"https:\/\/api.w.org\/{rel}","templated":true}]}}