{"id":264,"date":"2020-04-06T12:55:00","date_gmt":"2020-04-06T12:55:00","guid":{"rendered":"https:\/\/musicaeconoscenza.it\/newp\/?page_id=264"},"modified":"2020-07-25T13:51:46","modified_gmt":"2020-07-25T13:51:46","slug":"curriculum","status":"publish","type":"page","link":"https:\/\/musicaeconoscenza.it\/newp\/index.php\/sample-page\/curriculum\/","title":{"rendered":"Curriculum"},"content":{"rendered":"<div id=\"pl-gb264-69d6762a21ef9\"  class=\"panel-layout\" ><div id=\"pg-gb264-69d6762a21ef9-0\"  class=\"panel-grid panel-no-style\" ><div id=\"pgc-gb264-69d6762a21ef9-0-0\"  class=\"panel-grid-cell\" ><div id=\"panel-gb264-69d6762a21ef9-0-0-0\" class=\"so-panel widget widget_text panel-first-child panel-last-child\" data-index=\"0\" ><h3 class=\"widget-title\">Breve Curriculum<\/h3>\t\t\t<div class=\"textwidget\"><p><em><strong>Fabio Uccelli,<\/strong><\/em> nato a Firenze l\u201911 giugno 1932 e ivi residente.<\/p>\n<p>Maturit\u00e0 Classica 1950.<\/p>\n<p>Scuola di <strong>Violino<\/strong> (1946-1956) e partecipazione a vari Gruppi amatoriali, Cameristici e Orchestrali.<\/p>\n<p>Laurea in <strong>Ingegneria Industriale Chimica<\/strong> (Pisa, 1956).<\/p>\n<p>Servizio Militare in Aeronautica (Ruolo Ufficiali).<\/p>\n<p>Si iscrive al Corso di Laurea in <strong>Fisica<\/strong> pura.<\/p>\n<p>Richiesto dal CNEN (Comitato Nazionale Energia Nucleare), viene assunto nel ruolo <em><strong>Ricercatori<\/strong><\/em> dall&#8217;<strong>Istituto Nazionale di Fisica Nucleare<\/strong> nel 1960.<\/p>\n<p>Inviato saltuariamente per lunghi periodi al <strong>CERN (Centro Europeo Ricerche Nucleari)<\/strong> e ai <strong>Laboratori Nazionali di Frascati<\/strong> (Sincrotrone) con compiti di ricerca.<br \/>\nIn tale periodo partecipa a numerose ricerche di Gruppi intemazionali e a Congressi sulle Particelle Elementari e sulle Macchine Acceleratrici,e collabora direttamente alle ricerche dei Premi Nobel <strong><em>Occhialini<\/em><\/strong>, <em><strong>Van Der Meer<\/strong><\/em> e <strong><em>Rubbia<\/em><\/strong>.<\/p>\n<p>Rientrato definitivamente in Italia, fonda il <strong>Gruppo di Ricerca <em>&#8220;Pisa-Firenze-Frascati&#8221;<\/em><\/strong> avente per scopo ricerche su importanti settori di Fisica dello Stato Solido utilizzando le pi\u00f9 avanzate apparecchiature dei Laboratori Nazionali di Frascati del CNEN, nonch\u00e9 le competenze e le tecnologie del &#8220;Centro Microonde&#8221; di Firenze e della Sez. INFN presso l&#8217;Istituto di Fisica dell&#8217;Universit\u00e0 di Pisa. Il Gruppo viene diretto dal Prof. <strong><em>Giuliano Toraldo Di Francia<\/em><\/strong> e vi partecipa il Prof. <strong><em>Giancarlo Sacerdoti<\/em><\/strong>.<\/p>\n<p>Nel 1970 ottiene la <strong>Libera Docenza<\/strong> in <strong>Fisica.<\/strong><\/p>\n<p>Nell&#8217;Anno Accademico 1971-1972 (e fino al 1976-1977) ottiene la <strong>Cattedra di Fisica Sperimentale 1<\/strong> (per il Corso di Laurea in Chimica) presso la Facolt\u00e0 di Scienze dell&#8217;Universit\u00e0 di Perugia.<\/p>\n<p>L&#8217;anno seguente (e fino al 1975-1976) copre per incarico anche il Corso di FISICA presso la Facolt\u00e0 di Architettura dell&#8217;Universit\u00e0 di FIRENZE.<\/p>\n<p>Nel 1977 viene chiamato alla Cattedra di <strong>Fisica 1<\/strong> presso la Facolt\u00e0 di Ingegneria della Universit\u00e0 di Pisa<br \/>\nPresso la stessa Facolt\u00e0, fonda il L.U.T.O. (Laboratorio Universitario di Tecnologie Optoelettroniche).<\/p>\n<p>Copre per incarico anche i Corsi di <strong>Fisica Sanitaria<\/strong> (Tecnologie Biomediche) dal 1986 al 1992, e di<strong> Tecnologie delle Energie Rinnovabili<\/strong> dal 1992 ad oggi (in questo ambito promuove numerose ricerche industriali presso <strong>Galileo SpA<\/strong>, <strong>Agusta SpA<\/strong>, <strong>Termomeccanica It SpA<\/strong>, <strong>Oto Melara SpA<\/strong>, <strong>Efim<\/strong>).<\/p>\n<p>Tra le ricerche pi\u00f9 interessanti, il <span style=\"text-decoration: underline;\">fascio elettronico a plasma di alta intensit\u00e0<\/span> (Galileo Spa), le <span style=\"text-decoration: underline;\">pale per rotori eolici<\/span> (Agusta Spa), l&#8217;<span style=\"text-decoration: underline;\">impianto frigorifero industriale a energia solare<\/span> e i <span style=\"text-decoration: underline;\">dissalatori solari<\/span> (Termomeccanica It Spa), la <span style=\"text-decoration: underline;\">centrale fotovoltaica<\/span> per l&#8217;Isola del Giglio (Oto Melara Spa); queste ricerche, e la relativa realizzazione dei prototipi, sono state compiute col contributo determinante della Comunit\u00e0 Europea.<\/p>\n<p>Autore di circa cento pubblicazioni scientifiche, di Trattati di Fisica, Dispense per gli Studenti, Libri di Esercitazioni di Fisica, Libri di Musicologia e Teoria della Conoscenza. Le sue pi\u00f9 importanti pubblicazioni sono consultabili via internet sul sito della Biblioteca elettronica del <a href=\"http:\/\/www.cern.ch\"><strong>CERN<\/strong><\/a> di Ginevra<\/p>\n<p><strong>Altre Attivit\u00e0:<\/strong><\/p>\n<p>Nello Sport (1958-1970):<\/p>\n<ol>\n<li style=\"list-style-type: none;\">\n<ol>\n<li>fonda il Centro studi della FIVB (Federazione Internazionale di Volleyball) divenendone il primo Presidente<\/li>\n<li>fonda il Centro di Scienza applicata allo Sport del CONI (Comitato Olimpico Naz. Italiano)<\/li>\n<li>Autore di 10 pubblicazioni di Scienza dello Sport (Biomeccanica e altro)<\/li>\n<\/ol>\n<\/li>\n<\/ol>\n<p>Nell&#8217;Attivit\u00e0 Politica (1974-1978):<\/p>\n<ol>\n<li style=\"list-style-type: none;\">\n<ol>\n<li>propone e poi coordina a Roma l&#8217;attivit\u00e0 della<strong> Consulta Nazionale per la Ricerca Scientifica<\/strong>, da cui sono scaturite le leggi istitutive del <strong>MRST<\/strong> (Ministero per il Coordinamento della Ricerca Scientifica e Tecnologica)<\/li>\n<\/ol>\n<\/li>\n<\/ol>\n<p>Nella Musica (1960- 2001):<\/p>\n<ol>\n<li style=\"list-style-type: none;\">\n<ol>\n<li>Partecipa come Membro alla attivit\u00e0 della &#8220;Orchestra degli Amatori della Svizzera Romanza&#8221; (1960-1965)<\/li>\n<li>\u00c8 Membro della Giuria del Premio Internazionale per giovani violoncellisti (Roma, Agimus, 1996)<\/li>\n<li>Propone (e partecipa alle attivit\u00e0 per) la realizzazione del Display Musicale Elettronico per lettura e riscrittura di partiture musicali, destinato a sostituire la partitura cartacea nelle attivit\u00e0 orchestrali e di composizione. Tale Display \u00e8 stato realizzato nell&#8217;ambito del Consorzio MOODS finanziato dalla Comunit\u00e0 Europea, e presentato ufficialmente alla \u201cScala\u201d ( Milano, 1998)<\/li>\n<li>\u00c8 nominato Giurato Internazionale nel Concorso Internazionale di Violoncello &#8220;Luis Sigall&#8221; (CILE &#8211; Vina del Mar, Novembre 2001)<\/li>\n<li>Nel Giugno 2002 viene nominato Membro del Consiglio d&#8217;Amministrazione della Fondazione del Maggio Musicale Fiorentino, con delega alla Promozione Giovanile<\/li>\n<li>Nel Gennaio 2003 \u00e8 stato nominato Presidente del Conservatorio Musicale della Spezia<\/li>\n<li>Nel 2015 ha visto la luce il suo \u201cSogno gitano\u201d, breve schizzo sinfonico<\/li>\n<\/ol>\n<\/li>\n<\/ol>\n<p>Nella Musicologia e in Teoria della Conoscenza (attualmente):<\/p>\n<ol>\n<li style=\"list-style-type: none;\">\n<ol>\n<li>fonda il Gruppo interuniversitario <strong>Conoscenza<\/strong> cui partecipano numerosi Ricercatori di Firenze, Bologna, Milano, Genova, con lo specifico compito di verificare sperimentalmente l&#8217;apprendimento conoscitivo (ipotizzato mediante archetipi ritmo-sonici) e l&#8217;instaurazione dei &#8220;gradi di coscienza&#8221; dovuta a fenomeni di coerenza quantistica (non computazionali).<\/li>\n<li>realizza i due libri :<br \/>\n&#8211; &#8220;II Commiato di A.DVORAK&#8221;, Ediz. Ceccherini, Firenze 1996 (musicologia).<br \/>\n&#8211; &#8220;La Musica all&#8217;origine della conoscenza umana&#8221;, Ediz. Universitarie, Pisa 2001 (teoria della conoscenza), recentemente tradotto in inglese e pubblicato dalla \u201cFoxwell&amp;Davies Ed.\u201d col titolo \u201cMusic as the origin of human knowledge\u201d<\/li>\n<\/ol>\n<\/li>\n<\/ol>\n<p><strong>Attivit\u00e0 a La Spezia:<\/strong><\/p>\n<p>Nel 1976 fonda la &#8220;<strong>Associazione per l&#8217;Universit\u00e0 Della Spezia e Della Lunigiana<\/strong>&#8221; (di cui \u00e8 Presidente) con lo scopo di portare Corsi Universitari a La Spezia. La lunga battaglia si conclude nel 1998 con l&#8217;istituzione del &#8220;Campus Universitario&#8221; e l&#8217;inizio dei Corsi di Laurea in Scienze e in Informatica, seguiti dai Corsi di Laurea Breve in Ingegneria Nautica e in Ingegneria Meccanica a La Spezia.<\/p>\n<p>Negli anni 1977 &#8211; 1985 \u00e8 Consulente per le Energie Rinnovabili presso <strong>Termomeccanica It SpA<\/strong> e <strong>Oto Melara SpA<\/strong><\/p>\n<p>Nell 1980 svolge diversi corsi (realizzando speciali dispense ) sui sensori infrarossi presso la Marina Militare.<\/p>\n<p>Nel 2002 \u00e8 nominato Membro del Comitato Tecnico-scientifico di Promostudi<\/p>\n<p>Nel 2003 \u00e8 nominato Presidente del Conservatorio Musicale &#8220;Puccini&#8221;.<\/p>\n<p><strong>I pi\u00f9 importanti contributi scientifici di Fabio Uccelli<\/strong>:<\/p>\n<p><strong>Attivit\u00e0 al CERN<\/strong> di Ginevra ha originato:<\/p>\n<ol>\n<li>la prima teoria lineare delle macchine acceleratrici di particelle, che ha consentito la progettazione e ottimizzazione di tali macchine mediante calcolatore elettronico<\/li>\n<li>gli studi sulle lenti magnetiche (sul quadrupolo elicoidale, sulle lenti pulsate e superconduttrici) e sui fasci di particelle, oggi utilizzati nelle esperienze di fisica delle particelle elementari.<\/li>\n<li style=\"list-style-type: none;\"><\/li>\n<\/ol>\n<p><strong>Attivit\u00e0 in Italia<\/strong>:<\/p>\n<ol>\n<li>nella Didattica Universitaria, il Trattato di Fisica Generale realizzato per gli studenti di Fisica della Facolt\u00e0 di Ingegneria di Pisa e le numerose dispense per le lezioni e le esercitazioni di Fisica<\/li>\n<li>nella Fisica dello Stato Solido, studi ed esperienze sui &#8220;tempi di rilassamento spin-reticolo&#8221; e loro misura; ci\u00f2 ha contribuito alla nascita delle moderne macchine NMR (a risonanza magnetica nucleare), eccezionale strumento di indagine diagnostica in medicina<\/li>\n<li>nelle Energie Rinnovabili, il primo frigorifero solare (Termomeccanica It), la prima centrale solare fotovoltaica europea (Oto Melara), il rotore eolico ad asse verticale (nel balipedio della Marina Militare)<\/li>\n<li>nello Sport, la nascita della Biomeccanica e la istituzione del Centro Studi di Scienza dello Sport del CONI<\/li>\n<li>nella Musica, lo studio e la realizzazione del primo legg\u00eco musicale elettronico per la gestione informatica della musica<\/li>\n<li>nella Musicologia, l&#8217;analisi della musica mediante gli archetipi emozionali (da lui definiti e ritrovati) e l&#8217;analisi musicologica del Concerto per Violoncello e Orchestra in Si Minore di Anton DVORAK svolta per la prima volta nel mondo mediante l&#8217;utilizzo di tali archetipi (vedi pubblicaz.: &#8220;Il Commiato di A. DVORAK&#8221; &#8211; Ediz. Ceccherini, Firenze 1996)<\/li>\n<li>nella Politica, il contributo determinante alla istituzione del Ministero Ricerca Scientifica e Tecnologica, oggi MIUR.<\/li>\n<li>nella Organizzazione della Didattica Universitaria, il contributo alla fondazione della Ingegneria Biomedica e della Ingegneria Energetica a Pisa, nonch\u00e9 l&#8217;istituzione dell&#8217; Universit\u00e0 a La Spezia.<\/li>\n<li>nella Teoria della Conoscenza, mediante le ipotesi originali formulate nel libro edito da PLUS-Universit\u00e0 di Pisa 2002 e pubblicato in inglese da Foxwell &amp; Davies (Uk) Ltd &#8211; London 2006.<\/li>\n<li style=\"list-style-type: none;\"><\/li>\n<\/ol>\n<\/div>\n\t\t<\/div><\/div><\/div><\/div>\n\n<div\n\t\t\t\n\t\t\tclass=\"so-widget-sow-image so-widget-sow-image-default-8b5b6f678277\"\n\t\t\t\n\t\t>\n<div class=\"sow-image-container\">\n\t\t<img \n\tsrc=\"https:\/\/musicaeconoscenza.it\/newp\/wp-content\/uploads\/2020\/07\/IMG_0634-scaled.jpg\" width=\"2560\" height=\"1920\" srcset=\"https:\/\/musicaeconoscenza.it\/newp\/wp-content\/uploads\/2020\/07\/IMG_0634-scaled.jpg 2560w, https:\/\/musicaeconoscenza.it\/newp\/wp-content\/uploads\/2020\/07\/IMG_0634-300x225.jpg 300w, https:\/\/musicaeconoscenza.it\/newp\/wp-content\/uploads\/2020\/07\/IMG_0634-1024x768.jpg 1024w, https:\/\/musicaeconoscenza.it\/newp\/wp-content\/uploads\/2020\/07\/IMG_0634-768x576.jpg 768w, https:\/\/musicaeconoscenza.it\/newp\/wp-content\/uploads\/2020\/07\/IMG_0634-1536x1152.jpg 1536w, https:\/\/musicaeconoscenza.it\/newp\/wp-content\/uploads\/2020\/07\/IMG_0634-2048x1536.jpg 2048w\" sizes=\"(max-width: 2560px) 100vw, 2560px\" title=\"Cartiglio sul Palazzo dei Conti Uccelli di Cortona - 1700 ca.\" alt=\"Cartiglio sul Palazzo dei Conti Uccelli di Tortona - 1700 ca.\" \t\tclass=\"so-widget-image\"\/>\n\t<\/div>\n\n<h3 class=\"widget-title\">Cartiglio sul Palazzo dei Conti Uccelli di Cortona &#8211; 1700 ca.<\/h3><\/div>\n\n\n<p><\/p>\n","protected":false},"excerpt":{"rendered":"<p>Fabio Uccelli, nato a Firenze l\u201911 giugno 1932 e ivi residente. Maturit\u00e0 Classica 1950. Scuola di Violino (1946-1956) e partecipazione a vari Gruppi amatoriali, Cameristici e Orchestrali. Laurea in Ingegneria Industriale Chimica (Pisa, 1956). Servizio Militare in Aeronautica (Ruolo Ufficiali).&hellip;<\/p>\n<div class=\"link-more\"><a href=\"https:\/\/musicaeconoscenza.it\/newp\/index.php\/sample-page\/curriculum\/#more-264\" class=\"more-link\">Continue reading &#10142; <span class=\"screen-reader-text\">Curriculum<\/span><\/a><\/div>","protected":false},"author":1,"featured_media":0,"parent":2,"menu_order":0,"comment_status":"closed","ping_status":"closed","template":"","meta":{"footnotes":""},"class_list":["post-264","page","type-page","status-publish","hentry"],"_links":{"self":[{"href":"https:\/\/musicaeconoscenza.it\/newp\/index.php\/wp-json\/wp\/v2\/pages\/264","targetHints":{"allow":["GET"]}}],"collection":[{"href":"https:\/\/musicaeconoscenza.it\/newp\/index.php\/wp-json\/wp\/v2\/pages"}],"about":[{"href":"https:\/\/musicaeconoscenza.it\/newp\/index.php\/wp-json\/wp\/v2\/types\/page"}],"author":[{"embeddable":true,"href":"https:\/\/musicaeconoscenza.it\/newp\/index.php\/wp-json\/wp\/v2\/users\/1"}],"replies":[{"embeddable":true,"href":"https:\/\/musicaeconoscenza.it\/newp\/index.php\/wp-json\/wp\/v2\/comments?post=264"}],"version-history":[{"count":15,"href":"https:\/\/musicaeconoscenza.it\/newp\/index.php\/wp-json\/wp\/v2\/pages\/264\/revisions"}],"predecessor-version":[{"id":910,"href":"https:\/\/musicaeconoscenza.it\/newp\/index.php\/wp-json\/wp\/v2\/pages\/264\/revisions\/910"}],"up":[{"embeddable":true,"href":"https:\/\/musicaeconoscenza.it\/newp\/index.php\/wp-json\/wp\/v2\/pages\/2"}],"wp:attachment":[{"href":"https:\/\/musicaeconoscenza.it\/newp\/index.php\/wp-json\/wp\/v2\/media?parent=264"}],"curies":[{"name":"wp","href":"https:\/\/api.w.org\/{rel}","templated":true}]}}