{"id":228,"date":"2020-03-31T16:18:52","date_gmt":"2020-03-31T16:18:52","guid":{"rendered":"https:\/\/musicaeconoscenza.it\/newp\/?page_id=228"},"modified":"2020-07-25T14:33:39","modified_gmt":"2020-07-25T14:33:39","slug":"il-commiato-di-anton-dvorak","status":"publish","type":"page","link":"https:\/\/musicaeconoscenza.it\/newp\/index.php\/il-commiato-di-anton-dvorak\/","title":{"rendered":"Il commiato di Anton Dvor\u00e0k"},"content":{"rendered":"<div id=\"pl-gb228-69d67a6b8ccaa\"  class=\"panel-layout\" ><div id=\"pg-gb228-69d67a6b8ccaa-0\"  class=\"panel-grid panel-no-style\" ><div id=\"pgc-gb228-69d67a6b8ccaa-0-0\"  class=\"panel-grid-cell\" ><div id=\"panel-gb228-69d67a6b8ccaa-0-0-0\" class=\"so-panel widget widget_text panel-first-child panel-last-child\" data-index=\"0\" ><h3 class=\"widget-title\">Autore: Fabio Uccelli<\/h3>\t\t\t<div class=\"textwidget\"><p><em>Casa Editrice Musicale <strong>G. Ceccherini &amp; C.<\/strong> &#8211; Firenze<\/em><\/p>\n<\/div>\n\t\t<\/div><\/div><\/div><div id=\"pg-gb228-69d67a6b8ccaa-1\"  class=\"panel-grid panel-no-style\" ><div id=\"pgc-gb228-69d67a6b8ccaa-1-0\"  class=\"panel-grid-cell\" ><div id=\"panel-gb228-69d67a6b8ccaa-1-0-0\" class=\"so-panel widget widget_text panel-first-child panel-last-child\" data-index=\"1\" ><h3 class=\"widget-title\">Presentazione<\/h3>\t\t\t<div class=\"textwidget\"><p><em>Il Concerto per Violoncello e Orchestra in Si minore Op.104, o, come l&#8217;autore lo denomina, il &#8220;<strong>Commiato di Dvor\u00e0k<\/strong>&#8220;, scritto dal Compositore esattamente cento anni or sono, \u00e8 sicuramente pietra miliare nell&#8217;epopea delle Scuole Nazionali, segna la loro fine, e pu\u00f2 essere preso come riferimento conclusivo di un&#8217;epoca.<\/em><\/p>\n<p><em>Ma l&#8217;analisi presentata in questo libro, condotta con una metodica originale, pu\u00f2 offrire spunti di riflessione per gli Interpreti, per i Cultori, per i Musicologi, e con essa, comunque, dovranno in futuro confrontarsi gli esegeti di tale opera.<\/em><\/p>\n<\/div>\n\t\t<\/div><\/div><\/div><div id=\"pg-gb228-69d67a6b8ccaa-2\"  class=\"panel-grid panel-no-style\" ><div id=\"pgc-gb228-69d67a6b8ccaa-2-0\"  class=\"panel-grid-cell\" ><div id=\"panel-gb228-69d67a6b8ccaa-2-0-0\" class=\"so-panel widget widget_sow-image panel-first-child panel-last-child\" data-index=\"2\" ><div\n\t\t\t\n\t\t\tclass=\"so-widget-sow-image so-widget-sow-image-default-64047dd420f0-228\"\n\t\t\t\n\t\t>\n<div class=\"sow-image-container\">\n\t\t<img \n\tsrc=\"https:\/\/musicaeconoscenza.it\/newp\/wp-content\/uploads\/2020\/03\/dvorak01.jpg\" width=\"512\" height=\"512\" srcset=\"https:\/\/musicaeconoscenza.it\/newp\/wp-content\/uploads\/2020\/03\/dvorak01.jpg 512w, https:\/\/musicaeconoscenza.it\/newp\/wp-content\/uploads\/2020\/03\/dvorak01-300x300.jpg 300w, https:\/\/musicaeconoscenza.it\/newp\/wp-content\/uploads\/2020\/03\/dvorak01-150x150.jpg 150w\" sizes=\"(max-width: 512px) 100vw, 512px\" title=\"Anton Dvor\u00e0k (1841 - 1904)\" alt=\"Anton Dvorak\" \t\tclass=\"so-widget-image\"\/>\n\t<\/div>\n\n<h3 class=\"widget-title\">Anton Dvor\u00e0k (1841 &#8211; 1904)<\/h3><\/div><\/div><\/div><div id=\"pgc-gb228-69d67a6b8ccaa-2-1\"  class=\"panel-grid-cell\" ><div id=\"panel-gb228-69d67a6b8ccaa-2-1-0\" class=\"so-panel widget widget_text panel-first-child panel-last-child\" data-index=\"3\" ><h3 class=\"widget-title\">Sinossi<\/h3>\t\t\t<div class=\"textwidget\"><p>Il libro si divide in quattro parti:<\/p>\n<p>&#8211; la <strong>prima parte<\/strong> \u00e8 dedicata alle motivazioni e alla interpretazione del Concerto;<br \/>\n&#8211; la <strong>seconda parte<\/strong> \u00e8 dedicata al confronto tra due diversi modi di interpretarlo;<br \/>\n&#8211;\u00a0l&#8217;<strong>Appendice 1<\/strong> presenta un nuovo approccio per la comprensione del messaggio musicale tramite il linguaggio degli archetipi;<br \/>\n&#8211; l&#8217;<strong>Appendice 2<\/strong> contiene una cronologia storica della musica con le pi\u00f9 interessanti concezioni musicologiche viste alla luce della teoria archetipica.<\/p>\n<\/div>\n\t\t<\/div><\/div><\/div><div id=\"pg-gb228-69d67a6b8ccaa-3\"  class=\"panel-grid panel-no-style\" ><div id=\"pgc-gb228-69d67a6b8ccaa-3-0\"  class=\"panel-grid-cell\" ><div id=\"panel-gb228-69d67a6b8ccaa-3-0-0\" class=\"so-panel widget widget_text panel-first-child panel-last-child\" data-index=\"4\" ><h3 class=\"widget-title\">La tesi<\/h3>\t\t\t<div class=\"textwidget\"><p>Viene per la prima volta ipotizzato che il Concerto (ultima grande composizione \u2013 forse, il capolavoro \u2013 di Dvor\u00e0k) sia una opera essenzialmente autobiografica, in cui vengono sintetizzate le pi\u00f9 riposte sensazioni e le pi\u00f9 profonde emozioni da lui vissute. Viene ipotizzato che tale Concerto, specie nel terzo tempo, prefiguri e simboleggi il distacco finale dell\u2019autore dalla vita artistica. Tutto ci\u00f2 \u00e8 comprovato dal fatto che tale opera risente in maniera determinante dei rapporti dell\u2019autore con la cognata Josefina, sua unica e amata ispiratrice: il Concerto \u00e8 stato inziato pochi mesi prima della morte di lei, contiene continui riferimenti al loro rapporto, e termina con sessanta misteriose battute aggiunte da Dvor\u00e0k dopo la morte di lei.<\/p>\n<p>La analisi ed interpretazione del Concerto viene eseguita alla luce della <strong>teoria degli archetipi musicali<\/strong> (Appendice 1): essi permettono di riconoscere passo passo l\u2019evolversi degli stati d\u2019animo espressi nel Concerto. La contemporanea analisi storico-psicologica permette di avvalorare le varie ipotesi esplicative. Mediante la teoria archetipica vengono anche spiegate compiutamente le sessanta misteriose battute del finale.<\/p>\n<p>La parte dedicata al confronto tra due diverse interpretazioni analizza l\u2019interpretazione di <strong>Mstislav Leopol&#8217;dovi\u010d<\/strong> <strong>Rostropovi\u010d<\/strong> e quella di <b>Christine Walevska<\/b>.<\/p>\n<p>Rostropovit\u010d viene scelto perch\u00e9 propone una interpretazione personale, espressione del proprio mondo e delle proprie vicende. La Walewska fornisce invece una versione spersonalizzata, volta tutta ad esprimere con estrema attenzione e rispetto i valori ed i significati da lei captati nel Concerto, e riproposti nella sua interpretazione con una straordinaria aderenza ai significati mostrati dalla analisi archetipica.<\/p>\n<p>La prima e la seconda parte sono correlate col numero della battuta cui si riferiscono nel Concerto, e sono pronte per essere trasposte su dischetto multimediale che riporti il testo scritto (e\/o la partitura orchestrale) mentre, contemporaneamente alla lettura sul display elettronico, si ode la parte musicale cui si riferisce; nella seconda parte, sar\u00e0 possibile alternare l\u2019audizione delle due diverse interpretazioni.<\/p>\n<p>Le Appendici 1 e 2, e le note nel testo, contengono un originale tentativo di equiparare la Musica alle altre Arti, svelandone il linguaggio comune. L\u2019ipotesi archetipica viene approfondita e analizzata, nel libro &#8220;La musica all\u2019origine della conoscenza umana&#8221;, con le pi\u00f9 aggiornate metodologie tratte dalla neurobiologia, dalla fisica quantistica, dalla teoria della comunicazione.<\/p>\n<\/div>\n\t\t<\/div><\/div><\/div><div id=\"pg-gb228-69d67a6b8ccaa-4\"  class=\"panel-grid panel-no-style\" ><div id=\"pgc-gb228-69d67a6b8ccaa-4-0\"  class=\"panel-grid-cell\" ><div id=\"panel-gb228-69d67a6b8ccaa-4-0-0\" class=\"widget_text so-panel widget widget_custom_html panel-first-child panel-last-child\" data-index=\"5\" ><div class=\"textwidget custom-html-widget\"><hr><\/div><\/div><\/div><\/div><div id=\"pg-gb228-69d67a6b8ccaa-5\"  class=\"panel-grid panel-no-style\" ><div id=\"pgc-gb228-69d67a6b8ccaa-5-0\"  class=\"panel-grid-cell\" ><div id=\"panel-gb228-69d67a6b8ccaa-5-0-0\" class=\"so-panel widget widget_sow-button panel-first-child panel-last-child\" data-index=\"6\" ><div\n\t\t\t\n\t\t\tclass=\"so-widget-sow-button so-widget-sow-button-atom-857739567c6a-228\"\n\t\t\t\n\t\t><div class=\"ow-button-base ow-button-align-center\"\n>\n\t\t\t<a\n\t\t\t\t\thref=\"https:\/\/musicaeconoscenza.it\/newp\/\"\n\t\t\t\t\tclass=\"sowb-button ow-icon-placement-left ow-button-hover\" \t>\n\t\t<span>\n\t\t\t<span class=\"sow-icon-fontawesome sow-far\" data-sow-icon=\"&#xf1ad;\"\n\t\tstyle=\"\" \n\t\taria-hidden=\"true\"><\/span>\n\t\t\tPagina Principale\t\t<\/span>\n\t\t\t<\/a>\n\t<\/div>\n<\/div><\/div><\/div><div id=\"pgc-gb228-69d67a6b8ccaa-5-1\"  class=\"panel-grid-cell\" ><div id=\"panel-gb228-69d67a6b8ccaa-5-1-0\" class=\"so-panel widget widget_sow-button panel-first-child panel-last-child\" data-index=\"7\" ><div\n\t\t\t\n\t\t\tclass=\"so-widget-sow-button so-widget-sow-button-atom-857739567c6a-228\"\n\t\t\t\n\t\t><div class=\"ow-button-base ow-button-align-center\"\n>\n\t\t\t<a\n\t\t\t\t\thref=\"https:\/\/musicaeconoscenza.it\/newp\/index.php\/il-commiato-di-anton-dvorak\/introduzione\/\"\n\t\t\t\t\tclass=\"sowb-button ow-icon-placement-right ow-button-hover\" \t>\n\t\t<span>\n\t\t\t<span class=\"sow-icon-fontawesome sow-far\" data-sow-icon=\"&#xf35a;\"\n\t\tstyle=\"\" \n\t\taria-hidden=\"true\"><\/span>\n\t\t\tIntroduzione\t\t<\/span>\n\t\t\t<\/a>\n\t<\/div>\n<\/div><\/div><\/div><\/div><\/div>","protected":false},"excerpt":{"rendered":"<p>Casa Editrice Musicale G. Ceccherini &amp; C. &#8211; Firenze Il Concerto per Violoncello e Orchestra in Si minore Op.104, o, come l&#8217;autore lo denomina, il &#8220;Commiato di Dvor\u00e0k&#8221;, scritto dal Compositore esattamente cento anni or sono, \u00e8 sicuramente pietra miliare&hellip;<\/p>\n<div class=\"link-more\"><a href=\"https:\/\/musicaeconoscenza.it\/newp\/index.php\/il-commiato-di-anton-dvorak\/#more-228\" class=\"more-link\">Continue reading &#10142; <span class=\"screen-reader-text\">Il commiato di Anton Dvor\u00e0k<\/span><\/a><\/div>","protected":false},"author":1,"featured_media":0,"parent":0,"menu_order":2,"comment_status":"closed","ping_status":"closed","template":"","meta":{"footnotes":""},"class_list":["post-228","page","type-page","status-publish","hentry"],"_links":{"self":[{"href":"https:\/\/musicaeconoscenza.it\/newp\/index.php\/wp-json\/wp\/v2\/pages\/228","targetHints":{"allow":["GET"]}}],"collection":[{"href":"https:\/\/musicaeconoscenza.it\/newp\/index.php\/wp-json\/wp\/v2\/pages"}],"about":[{"href":"https:\/\/musicaeconoscenza.it\/newp\/index.php\/wp-json\/wp\/v2\/types\/page"}],"author":[{"embeddable":true,"href":"https:\/\/musicaeconoscenza.it\/newp\/index.php\/wp-json\/wp\/v2\/users\/1"}],"replies":[{"embeddable":true,"href":"https:\/\/musicaeconoscenza.it\/newp\/index.php\/wp-json\/wp\/v2\/comments?post=228"}],"version-history":[{"count":29,"href":"https:\/\/musicaeconoscenza.it\/newp\/index.php\/wp-json\/wp\/v2\/pages\/228\/revisions"}],"predecessor-version":[{"id":915,"href":"https:\/\/musicaeconoscenza.it\/newp\/index.php\/wp-json\/wp\/v2\/pages\/228\/revisions\/915"}],"wp:attachment":[{"href":"https:\/\/musicaeconoscenza.it\/newp\/index.php\/wp-json\/wp\/v2\/media?parent=228"}],"curies":[{"name":"wp","href":"https:\/\/api.w.org\/{rel}","templated":true}]}}